{"id":102,"date":"2018-02-04T16:05:03","date_gmt":"2018-02-04T16:05:03","guid":{"rendered":"http:\/\/ssmradom.pl\/?page_id=101"},"modified":"2019-06-27T11:08:19","modified_gmt":"2019-06-27T09:08:19","slug":"sala-konferencyjna","status":"publish","type":"page","link":"https:\/\/ssmradom.pl\/index.php\/sala-konferencyjna\/","title":{"rendered":"Sala konferencyjna"},"content":{"rendered":"<p>W Szkolnym Schronisku M\u0142odzie\u017cowym istnieje mo\u017cliwo\u015b\u0107 zorganizowania<\/p>\n<p>&#8211; <strong>szkolenia, <\/strong><\/p>\n<p><strong>&#8211; konferencji, <\/strong><\/p>\n<p><strong>&#8211; zebrania b\u0105d\u017a spotkania biznesowego, <\/strong><\/p>\n<p>gdy\u017c dysponujemy pi\u0119kn\u0105 <strong>sal\u0105 konferencyjn\u0105<\/strong> z wyposa\u017ceniem multimedialnym mieszcz\u0105c\u0105 50 os\u00f3b.<\/p>\n\n\t\t<style type=\"text\/css\">\n\t\t\t#gallery-1 {\n\t\t\t\tmargin: auto;\n\t\t\t}\n\t\t\t#gallery-1 .gallery-item {\n\t\t\t\tfloat: left;\n\t\t\t\tmargin-top: 10px;\n\t\t\t\ttext-align: center;\n\t\t\t\twidth: 33%;\n\t\t\t}\n\t\t\t#gallery-1 img {\n\t\t\t\tborder: 2px solid #cfcfcf;\n\t\t\t}\n\t\t\t#gallery-1 .gallery-caption {\n\t\t\t\tmargin-left: 0;\n\t\t\t}\n\t\t\t\/* see gallery_shortcode() in wp-includes\/media.php *\/\n\t\t<\/style>\n\t\t<div id='gallery-1' class='gallery galleryid-102 gallery-columns-3 gallery-size-thumbnail'><dl class='gallery-item'>\n\t\t\t<dt class='gallery-icon landscape'>\n\t\t\t\t<a data-rel=\"iLightbox[postimages]\" data-title=\"sala_zielony_2\" data-caption=\"\" href='https:\/\/ssmradom.pl\/wp-content\/uploads\/2019\/06\/sala_zielony_2.jpg'><img width=\"150\" height=\"150\" src=\"https:\/\/ssmradom.pl\/wp-content\/uploads\/2019\/06\/sala_zielony_2-150x150.jpg\" class=\"attachment-thumbnail size-thumbnail\" alt=\"\" loading=\"lazy\" srcset=\"https:\/\/ssmradom.pl\/wp-content\/uploads\/2019\/06\/sala_zielony_2-66x66.jpg 66w, https:\/\/ssmradom.pl\/wp-content\/uploads\/2019\/06\/sala_zielony_2-150x150.jpg 150w\" sizes=\"(max-width: 150px) 100vw, 150px\" \/><\/a>\n\t\t\t<\/dt><\/dl><dl class='gallery-item'>\n\t\t\t<dt class='gallery-icon landscape'>\n\t\t\t\t<a data-rel=\"iLightbox[postimages]\" data-title=\"sala_zielony_1\" data-caption=\"\" href='https:\/\/ssmradom.pl\/wp-content\/uploads\/2019\/06\/sala_zielony_1.jpg'><img width=\"150\" height=\"150\" src=\"https:\/\/ssmradom.pl\/wp-content\/uploads\/2019\/06\/sala_zielony_1-150x150.jpg\" class=\"attachment-thumbnail size-thumbnail\" alt=\"\" loading=\"lazy\" srcset=\"https:\/\/ssmradom.pl\/wp-content\/uploads\/2019\/06\/sala_zielony_1-66x66.jpg 66w, https:\/\/ssmradom.pl\/wp-content\/uploads\/2019\/06\/sala_zielony_1-150x150.jpg 150w\" sizes=\"(max-width: 150px) 100vw, 150px\" \/><\/a>\n\t\t\t<\/dt><\/dl>\n\t\t\t<br style='clear: both' \/>\n\t\t<\/div>\n\n<p>&nbsp;<\/p>\n","protected":false},"excerpt":{"rendered":"<p>W Szkolnym Schronisku M\u0142odzie\u017cowym istnieje mo\u017cliwo\u015b\u0107 zorganizowania &#8211; szkolenia, &#8211; [&hellip;]<\/p>\n","protected":false},"author":1,"featured_media":0,"parent":0,"menu_order":0,"comment_status":"closed","ping_status":"closed","template":"","meta":[],"_links":{"self":[{"href":"https:\/\/ssmradom.pl\/index.php\/wp-json\/wp\/v2\/pages\/102"}],"collection":[{"href":"https:\/\/ssmradom.pl\/index.php\/wp-json\/wp\/v2\/pages"}],"about":[{"href":"https:\/\/ssmradom.pl\/index.php\/wp-json\/wp\/v2\/types\/page"}],"author":[{"embeddable":true,"href":"https:\/\/ssmradom.pl\/index.php\/wp-json\/wp\/v2\/users\/1"}],"replies":[{"embeddable":true,"href":"https:\/\/ssmradom.pl\/index.php\/wp-json\/wp\/v2\/comments?post=102"}],"version-history":[{"count":1,"href":"https:\/\/ssmradom.pl\/index.php\/wp-json\/wp\/v2\/pages\/102\/revisions"}],"predecessor-version":[{"id":421,"href":"https:\/\/ssmradom.pl\/index.php\/wp-json\/wp\/v2\/pages\/102\/revisions\/421"}],"wp:attachment":[{"href":"https:\/\/ssmradom.pl\/index.php\/wp-json\/wp\/v2\/media?parent=102"}],"curies":[{"name":"wp","href":"https:\/\/api.w.org\/{rel}","templated":true}]}}